{"id":6591,"date":"2024-10-19T14:01:55","date_gmt":"2024-10-19T17:01:55","guid":{"rendered":"https:\/\/chiaroscuro-studios.com\/homologacao\/produto\/importacao-do-mike-1\/"},"modified":"2024-11-22T16:05:07","modified_gmt":"2024-11-22T19:05:07","slug":"importacao-do-mike-1","status":"publish","type":"product","link":"https:\/\/chiaroscuro-studios.com\/en\/product\/importacao-do-mike-1\/","title":{"rendered":"Importa\u00e7\u00e3o do Mike 1"},"content":{"rendered":"<p>Aqui o mike ta testanmdo uma importa\u00e7\u00e3o de um produto<\/p>","protected":false},"excerpt":{"rendered":"<p>Aqui o mike ta testando uma importa\u00e7\u00e3o de um produto<\/p>","protected":false},"featured_media":6592,"template":"","meta":{"_monsterinsights_skip_tracking":false,"_monsterinsights_sitenote_active":false,"_monsterinsights_sitenote_note":"","_monsterinsights_sitenote_category":0,"cybocfi_hide_featured_image":""},"product_brand":[],"product_cat":[283],"product_tag":[91],"class_list":{"0":"post-6591","1":"product","2":"type-product","3":"status-publish","4":"has-post-thumbnail","6":"product_cat-mike-drums","7":"product_tag-artsale","9":"first","10":"instock","11":"featured","12":"shipping-taxable","13":"purchasable","14":"product-type-simple"},"acf":[],"_links":{"self":[{"href":"https:\/\/chiaroscuro-studios.com\/en\/wp-json\/wp\/v2\/product\/6591","targetHints":{"allow":["GET"]}}],"collection":[{"href":"https:\/\/chiaroscuro-studios.com\/en\/wp-json\/wp\/v2\/product"}],"about":[{"href":"https:\/\/chiaroscuro-studios.com\/en\/wp-json\/wp\/v2\/types\/product"}],"wp:featuredmedia":[{"embeddable":true,"href":"https:\/\/chiaroscuro-studios.com\/en\/wp-json\/wp\/v2\/media\/6592"}],"wp:attachment":[{"href":"https:\/\/chiaroscuro-studios.com\/en\/wp-json\/wp\/v2\/media?parent=6591"}],"wp:term":[{"taxonomy":"product_brand","embeddable":true,"href":"https:\/\/chiaroscuro-studios.com\/en\/wp-json\/wp\/v2\/product_brand?post=6591"},{"taxonomy":"product_cat","embeddable":true,"href":"https:\/\/chiaroscuro-studios.com\/en\/wp-json\/wp\/v2\/product_cat?post=6591"},{"taxonomy":"product_tag","embeddable":true,"href":"https:\/\/chiaroscuro-studios.com\/en\/wp-json\/wp\/v2\/product_tag?post=6591"}],"curies":[{"name":"wp","href":"https:\/\/api.w.org\/{rel}","templated":true}]}}