{"id":6524,"date":"2024-09-12T18:38:34","date_gmt":"2024-09-12T21:38:34","guid":{"rendered":"https:\/\/chiaroscuro-studios.com\/homologacao\/?page_id=6524"},"modified":"2025-09-23T12:38:18","modified_gmt":"2025-09-23T15:38:18","slug":"art-store","status":"publish","type":"page","link":"https:\/\/chiaroscuro-studios.com\/en\/art-store\/","title":{"rendered":"Art Store"},"content":{"rendered":"<p><strong>A Chiaroscuro Studios oferece artes originais e commissions exclusivas de mais de 50 artistas \u2014 de lendas a novos nomes. Uma curadoria \u00fanica para colecionadores que buscam pe\u00e7as aut\u00eanticas.<\/strong><\/p>\n\n\n\n<p><\/p>","protected":false},"excerpt":{"rendered":"<p>A Chiaroscuro Studios oferece artes originais e commissions exclusivas de mais de 50 artistas \u2014 de lendas a novos nomes. Uma curadoria \u00fanica para colecionadores [&hellip;]<\/p>\n","protected":false},"author":8,"featured_media":0,"parent":0,"menu_order":0,"comment_status":"closed","ping_status":"closed","template":"artshop-template.php","meta":{"_monsterinsights_skip_tracking":false,"_monsterinsights_sitenote_active":false,"_monsterinsights_sitenote_note":"","_monsterinsights_sitenote_category":0,"cybocfi_hide_featured_image":"yes","footnotes":""},"class_list":["post-6524","page","type-page","status-publish","hentry"],"acf":[],"_links":{"self":[{"href":"https:\/\/chiaroscuro-studios.com\/en\/wp-json\/wp\/v2\/pages\/6524","targetHints":{"allow":["GET"]}}],"collection":[{"href":"https:\/\/chiaroscuro-studios.com\/en\/wp-json\/wp\/v2\/pages"}],"about":[{"href":"https:\/\/chiaroscuro-studios.com\/en\/wp-json\/wp\/v2\/types\/page"}],"author":[{"embeddable":true,"href":"https:\/\/chiaroscuro-studios.com\/en\/wp-json\/wp\/v2\/users\/8"}],"replies":[{"embeddable":true,"href":"https:\/\/chiaroscuro-studios.com\/en\/wp-json\/wp\/v2\/comments?post=6524"}],"version-history":[{"count":5,"href":"https:\/\/chiaroscuro-studios.com\/en\/wp-json\/wp\/v2\/pages\/6524\/revisions"}],"predecessor-version":[{"id":8346,"href":"https:\/\/chiaroscuro-studios.com\/en\/wp-json\/wp\/v2\/pages\/6524\/revisions\/8346"}],"wp:attachment":[{"href":"https:\/\/chiaroscuro-studios.com\/en\/wp-json\/wp\/v2\/media?parent=6524"}],"curies":[{"name":"wp","href":"https:\/\/api.w.org\/{rel}","templated":true}]}}