{"id":6519,"date":"2024-08-30T12:24:22","date_gmt":"2024-08-30T15:24:22","guid":{"rendered":"https:\/\/chiaroscuro-studios.com\/homologacao\/?page_id=6519"},"modified":"2025-08-11T16:42:23","modified_gmt":"2025-08-11T19:42:23","slug":"art-store-woo","status":"publish","type":"page","link":"https:\/\/chiaroscuro-studios.com\/en\/art-store-woo\/","title":{"rendered":"Art Store Woo"},"content":{"rendered":"<p><strong>A Chiaroscuro Studios oferece artes originais e commissions exclusivas de mais de 50 artistas \u2014 de lendas a novos nomes. Uma curadoria \u00fanica para colecionadores que buscam pe\u00e7as aut\u00eanticas.<\/strong><\/p>\n\n\n\n<p><\/p>","protected":false},"excerpt":{"rendered":"<p>A Chiaroscuro Studios oferece artes originais e commissions exclusivas de mais de 50 artistas \u2014 de lendas a novos nomes. Uma curadoria \u00fanica para colecionadores [&hellip;]<\/p>\n","protected":false},"author":8,"featured_media":0,"parent":0,"menu_order":0,"comment_status":"closed","ping_status":"closed","template":"","meta":{"_monsterinsights_skip_tracking":false,"_monsterinsights_sitenote_active":false,"_monsterinsights_sitenote_note":"","_monsterinsights_sitenote_category":0,"cybocfi_hide_featured_image":"","footnotes":""},"class_list":["post-6519","page","type-page","status-publish","hentry"],"acf":[],"_links":{"self":[{"href":"https:\/\/chiaroscuro-studios.com\/en\/wp-json\/wp\/v2\/pages\/6519","targetHints":{"allow":["GET"]}}],"collection":[{"href":"https:\/\/chiaroscuro-studios.com\/en\/wp-json\/wp\/v2\/pages"}],"about":[{"href":"https:\/\/chiaroscuro-studios.com\/en\/wp-json\/wp\/v2\/types\/page"}],"author":[{"embeddable":true,"href":"https:\/\/chiaroscuro-studios.com\/en\/wp-json\/wp\/v2\/users\/8"}],"replies":[{"embeddable":true,"href":"https:\/\/chiaroscuro-studios.com\/en\/wp-json\/wp\/v2\/comments?post=6519"}],"version-history":[{"count":4,"href":"https:\/\/chiaroscuro-studios.com\/en\/wp-json\/wp\/v2\/pages\/6519\/revisions"}],"predecessor-version":[{"id":6971,"href":"https:\/\/chiaroscuro-studios.com\/en\/wp-json\/wp\/v2\/pages\/6519\/revisions\/6971"}],"wp:attachment":[{"href":"https:\/\/chiaroscuro-studios.com\/en\/wp-json\/wp\/v2\/media?parent=6519"}],"curies":[{"name":"wp","href":"https:\/\/api.w.org\/{rel}","templated":true}]}}