{"id":5272,"date":"2023-11-28T15:56:44","date_gmt":"2023-11-28T18:56:44","guid":{"rendered":"https:\/\/chiaroscuro-studios.com\/?page_id=5272"},"modified":"2023-11-28T16:02:04","modified_gmt":"2023-11-28T19:02:04","slug":"spotify","status":"publish","type":"page","link":"https:\/\/chiaroscuro-studios.com\/en\/spotify\/","title":{"rendered":"Spotify"},"content":{"rendered":"<style>\/*! elementor - v3.16.0 - 20-09-2023 *\/\n.elementor-widget-image{text-align:center}.elementor-widget-image a{display:inline-block}.elementor-widget-image a img[src$=\".svg\"]{width:48px}.elementor-widget-image img{vertical-align:middle;display:inline-block}<\/style>\n<p>\t\t\t\t\t\t\t\t\t\t\t\t<img decoding=\"async\" width=\"512\" height=\"179\" src=\"https:\/\/chiaroscuro-studios.com\/wp-content\/uploads\/2023\/11\/logospotify-1.png\" alt=\"\" loading=\"lazy\" srcset=\"https:\/\/chiaroscuro-studios.com\/wp-content\/uploads\/2023\/11\/logospotify-1.png 512w, https:\/\/chiaroscuro-studios.com\/wp-content\/uploads\/2023\/11\/logospotify-1-400x140.png 400w\" sizes=\"auto, (max-width: 512px) 100vw, 512px\" \/>\t\t\t\t\t\t\t\t\t\t\t\t\t\t\t<\/p>\n<style>\/*! elementor - v3.16.0 - 20-09-2023 *\/\n.elementor-heading-title{padding:0;margin:0;line-height:1}.elementor-widget-heading .elementor-heading-title[class*=elementor-size-]>a{color:inherit;font-size:inherit;line-height:inherit}.elementor-widget-heading .elementor-heading-title.elementor-size-small{font-size:15px}.elementor-widget-heading .elementor-heading-title.elementor-size-medium{font-size:19px}.elementor-widget-heading .elementor-heading-title.elementor-size-large{font-size:29px}.elementor-widget-heading .elementor-heading-title.elementor-size-xl{font-size:39px}.elementor-widget-heading .elementor-heading-title.elementor-size-xxl{font-size:59px}<\/style>\n<h5>Cria\u00e7\u00e3o de  8 ilustra\u00e7\u00f5es para promover a segunda temporada do podcast Paciente 63. Foram selecionados artistas de diferentes perfis, incluindo LGBTQIAPN+, negros e n\u00e3o-brancos, PCDs e outros,  trazendo bastante diversidade ao projeto.<\/p>\n<p>Artistas: Ellie Irineu, Germana Viana, Ju Loyola, M\u00e1rcio Hum,  Marilia Marz, M\u00e1rio  C\u00e9sar, Wilton Santos<\/h5>\n<style>\/*! elementor - v3.16.0 - 20-09-2023 *\/\n.elementor-column .elementor-spacer-inner{height:var(--spacer-size)}.e-con{--container-widget-width:100%}.e-con-inner>.elementor-widget-spacer,.e-con>.elementor-widget-spacer{width:var(--container-widget-width,var(--spacer-size));--align-self:var(--container-widget-align-self,initial);--flex-shrink:0}.e-con-inner>.elementor-widget-spacer>.elementor-widget-container,.e-con>.elementor-widget-spacer>.elementor-widget-container{height:100%;width:100%}.e-con-inner>.elementor-widget-spacer>.elementor-widget-container>.elementor-spacer,.e-con>.elementor-widget-spacer>.elementor-widget-container>.elementor-spacer{height:100%}.e-con-inner>.elementor-widget-spacer>.elementor-widget-container>.elementor-spacer>.elementor-spacer-inner,.e-con>.elementor-widget-spacer>.elementor-widget-container>.elementor-spacer>.elementor-spacer-inner{height:var(--container-widget-height,var(--spacer-size))}.e-con-inner>.elementor-widget-spacer.elementor-widget-empty,.e-con>.elementor-widget-spacer.elementor-widget-empty{position:relative;min-height:22px;min-width:22px}.e-con-inner>.elementor-widget-spacer.elementor-widget-empty .elementor-widget-empty-icon,.e-con>.elementor-widget-spacer.elementor-widget-empty .elementor-widget-empty-icon{position:absolute;top:0;bottom:0;left:0;right:0;margin:auto;padding:0;width:22px;height:22px}<\/style>\n<style>\/*! elementor-pro - v3.16.0 - 20-09-2023 *\/\n.elementor-gallery__container{min-height:1px}.elementor-gallery-item{position:relative;overflow:hidden;display:block;text-decoration:none;border:solid var(--image-border-width) var(--image-border-color);border-radius:var(--image-border-radius)}.elementor-gallery-item__content,.elementor-gallery-item__overlay{height:100%;width:100%;position:absolute;top:0;left:0}.elementor-gallery-item__overlay{mix-blend-mode:var(--overlay-mix-blend-mode);transition-duration:var(--overlay-transition-duration);transition-property:mix-blend-mode,transform,opacity,background-color}.elementor-gallery-item__image.e-gallery-image{transition-duration:var(--image-transition-duration);transition-property:filter,transform}.elementor-gallery-item__content{display:flex;flex-direction:column;justify-content:var(--content-justify-content,center);align-items:center;text-align:var(--content-text-align);padding:var(--content-padding)}.elementor-gallery-item__content>div{transition-duration:var(--content-transition-duration)}.elementor-gallery-item__content.elementor-gallery--sequenced-animation>div:nth-child(2){transition-delay:calc(var(--content-transition-delay) \/ 3)}.elementor-gallery-item__content.elementor-gallery--sequenced-animation>div:nth-child(3){transition-delay:calc(var(--content-transition-delay) \/ 3 * 2)}.elementor-gallery-item__content.elementor-gallery--sequenced-animation>div:nth-child(4){transition-delay:calc(var(--content-transition-delay) \/ 3 * 3)}.elementor-gallery-item__description{color:var(--description-text-color,#fff);width:100%}.elementor-gallery-item__title{color:var(--title-text-color,#fff);font-weight:700;width:100%}.elementor-gallery__titles-container{display:flex;flex-wrap:wrap;justify-content:var(--titles-container-justify-content,center);margin-bottom:20px}.elementor-gallery__titles-container:not(.e--pointer-framed) .elementor-item:after,.elementor-gallery__titles-container:not(.e--pointer-framed) .elementor-item:before{background-color:var(--galleries-pointer-bg-color-hover)}.elementor-gallery__titles-container:not(.e--pointer-framed) .elementor-item.elementor-item-active:after,.elementor-gallery__titles-container:not(.e--pointer-framed) .elementor-item.elementor-item-active:before{background-color:var(--galleries-pointer-bg-color-active)}.elementor-gallery__titles-container.e--pointer-framed .elementor-item:before{border-color:var(--galleries-pointer-bg-color-hover);border-width:var(--galleries-pointer-border-width)}.elementor-gallery__titles-container.e--pointer-framed .elementor-item:after{border-color:var(--galleries-pointer-bg-color-hover)}.elementor-gallery__titles-container.e--pointer-framed .elementor-item.elementor-item-active:after,.elementor-gallery__titles-container.e--pointer-framed .elementor-item.elementor-item-active:before{border-color:var(--galleries-pointer-bg-color-active)}.elementor-gallery__titles-container.e--pointer-framed.e--animation-draw .elementor-item:before{border-left-width:var(--galleries-pointer-border-width);border-bottom-width:var(--galleries-pointer-border-width);border-right-width:0;border-top-width:0}.elementor-gallery__titles-container.e--pointer-framed.e--animation-draw .elementor-item:after{border-left-width:0;border-bottom-width:0;border-right-width:var(--galleries-pointer-border-width);border-top-width:var(--galleries-pointer-border-width)}.elementor-gallery__titles-container.e--pointer-framed.e--animation-corners .elementor-item:before{border-left-width:var(--galleries-pointer-border-width);border-bottom-width:0;border-right-width:0;border-top-width:var(--galleries-pointer-border-width)}.elementor-gallery__titles-container.e--pointer-framed.e--animation-corners .elementor-item:after{border-left-width:0;border-bottom-width:var(--galleries-pointer-border-width);border-right-width:var(--galleries-pointer-border-width);border-top-width:0}.elementor-gallery__titles-container .e--pointer-double-line .elementor-item:after,.elementor-gallery__titles-container .e--pointer-double-line .elementor-item:before,.elementor-gallery__titles-container .e--pointer-overline .elementor-item:before,.elementor-gallery__titles-container .e--pointer-underline .elementor-item:after{height:var(--galleries-pointer-border-width)}.elementor-gallery-title{--space-between:10px;cursor:pointer;color:#6d7882;font-weight:500;position:relative;padding:7px 14px;transition:all .3s}.elementor-gallery-title--active{color:#495157}.elementor-gallery-title:not(:last-child){margin-right:var(--space-between)}.elementor-gallery-item__title+.elementor-gallery-item__description{margin-top:var(--description-margin-top)}.e-gallery-item.elementor-gallery-item{transition-property:all}.e-gallery-item.elementor-animated-content .elementor-animated-item--enter-from-bottom,.e-gallery-item.elementor-animated-content .elementor-animated-item--enter-from-left,.e-gallery-item.elementor-animated-content .elementor-animated-item--enter-from-right,.e-gallery-item.elementor-animated-content .elementor-animated-item--enter-from-top,.e-gallery-item:focus .elementor-gallery__item-overlay-bg,.e-gallery-item:focus .elementor-gallery__item-overlay-content,.e-gallery-item:focus .elementor-gallery__item-overlay-content__description,.e-gallery-item:focus .elementor-gallery__item-overlay-content__title,.e-gallery-item:hover .elementor-gallery__item-overlay-bg,.e-gallery-item:hover .elementor-gallery__item-overlay-content,.e-gallery-item:hover .elementor-gallery__item-overlay-content__description,.e-gallery-item:hover .elementor-gallery__item-overlay-content__title{opacity:1}a.elementor-item.elementor-gallery-title{color:var(--galleries-title-color-normal)}a.elementor-item.elementor-gallery-title.elementor-item-active,a.elementor-item.elementor-gallery-title.highlighted,a.elementor-item.elementor-gallery-title:focus,a.elementor-item.elementor-gallery-title:hover{color:var(--galleries-title-color-hover)}a.elementor-item.elementor-gallery-title.elementor-item-active{color:var(--gallery-title-color-active)}.e-con-inner>.elementor-widget-gallery,.e-con>.elementor-widget-gallery{width:var(--container-widget-width);--flex-grow:var(--container-widget-flex-grow)}<\/style>\n<p>\t\t\t\t\t\t\t<a href=\"https:\/\/chiaroscuro-studios.com\/wp-content\/uploads\/2023\/11\/Ellie-Irineu-1.png\" data-elementor-open-lightbox=\"yes\" data-elementor-lightbox-slideshow=\"c20aa69\" data-elementor-lightbox-title=\"Ellie-Irineu (1)\" data-e-action-hash=\"#elementor-action%3Aaction%3Dlightbox%26settings%3DeyJpZCI6NTI4NSwidXJsIjoiaHR0cHM6XC9cL2NoaWFyb3NjdXJvLXN0dWRpb3MuY29tXC93cC1jb250ZW50XC91cGxvYWRzXC8yMDIzXC8xMVwvRWxsaWUtSXJpbmV1LTEucG5nIiwic2xpZGVzaG93IjoiYzIwYWE2OSJ9\"><br \/>\n\t\t\t\t\t\t\t\t\t\t\t\t\t\t<\/a><br \/>\n\t\t\t\t\t\t\t<a href=\"https:\/\/chiaroscuro-studios.com\/wp-content\/uploads\/2023\/11\/Germana-Viana-Formato-1-1.jpg\" data-elementor-open-lightbox=\"yes\" data-elementor-lightbox-slideshow=\"c20aa69\" data-elementor-lightbox-title=\"Germana-Viana-Formato-1 (1)\" data-e-action-hash=\"#elementor-action%3Aaction%3Dlightbox%26settings%3DeyJpZCI6NTI4NiwidXJsIjoiaHR0cHM6XC9cL2NoaWFyb3NjdXJvLXN0dWRpb3MuY29tXC93cC1jb250ZW50XC91cGxvYWRzXC8yMDIzXC8xMVwvR2VybWFuYS1WaWFuYS1Gb3JtYXRvLTEtMS5qcGciLCJzbGlkZXNob3ciOiJjMjBhYTY5In0%3D\"><br \/>\n\t\t\t\t\t\t\t\t\t\t\t\t\t\t<\/a><br \/>\n\t\t\t\t\t\t\t<a href=\"https:\/\/chiaroscuro-studios.com\/wp-content\/uploads\/2023\/11\/Magenta-King-Formato-1-1.jpg\" data-elementor-open-lightbox=\"yes\" data-elementor-lightbox-slideshow=\"c20aa69\" data-elementor-lightbox-title=\"Magenta-King-Formato-1-1\" data-e-action-hash=\"#elementor-action%3Aaction%3Dlightbox%26settings%3DeyJpZCI6NTI4NywidXJsIjoiaHR0cHM6XC9cL2NoaWFyb3NjdXJvLXN0dWRpb3MuY29tXC93cC1jb250ZW50XC91cGxvYWRzXC8yMDIzXC8xMVwvTWFnZW50YS1LaW5nLUZvcm1hdG8tMS0xLmpwZyIsInNsaWRlc2hvdyI6ImMyMGFhNjkifQ%3D%3D\"><br \/>\n\t\t\t\t\t\t\t\t\t\t\t\t\t\t<\/a><br \/>\n\t\t\t\t\t\t\t<a href=\"https:\/\/chiaroscuro-studios.com\/wp-content\/uploads\/2023\/11\/Marcio-Hum-1.png\" data-elementor-open-lightbox=\"yes\" data-elementor-lightbox-slideshow=\"c20aa69\" data-elementor-lightbox-title=\"Marcio-Hum (1)\" data-e-action-hash=\"#elementor-action%3Aaction%3Dlightbox%26settings%3DeyJpZCI6NTI4OCwidXJsIjoiaHR0cHM6XC9cL2NoaWFyb3NjdXJvLXN0dWRpb3MuY29tXC93cC1jb250ZW50XC91cGxvYWRzXC8yMDIzXC8xMVwvTWFyY2lvLUh1bS0xLnBuZyIsInNsaWRlc2hvdyI6ImMyMGFhNjkifQ%3D%3D\"><br \/>\n\t\t\t\t\t\t\t\t\t\t\t\t\t\t<\/a><br \/>\n\t\t\t\t\t\t\t<a href=\"https:\/\/chiaroscuro-studios.com\/wp-content\/uploads\/2023\/11\/Marilia-Marz-1.png\" data-elementor-open-lightbox=\"yes\" data-elementor-lightbox-slideshow=\"c20aa69\" data-elementor-lightbox-title=\"Marilia-Marz (1)\" data-e-action-hash=\"#elementor-action%3Aaction%3Dlightbox%26settings%3DeyJpZCI6NTI4OSwidXJsIjoiaHR0cHM6XC9cL2NoaWFyb3NjdXJvLXN0dWRpb3MuY29tXC93cC1jb250ZW50XC91cGxvYWRzXC8yMDIzXC8xMVwvTWFyaWxpYS1NYXJ6LTEucG5nIiwic2xpZGVzaG93IjoiYzIwYWE2OSJ9\"><br \/>\n\t\t\t\t\t\t\t\t\t\t\t\t\t\t<\/a><br \/>\n\t\t\t\t\t\t\t<a href=\"https:\/\/chiaroscuro-studios.com\/wp-content\/uploads\/2023\/11\/Mario-Cesar-Formato-2-1.png\" data-elementor-open-lightbox=\"yes\" data-elementor-lightbox-slideshow=\"c20aa69\" data-elementor-lightbox-title=\"Mario-Cesar-Formato-2 (1)\" data-e-action-hash=\"#elementor-action%3Aaction%3Dlightbox%26settings%3DeyJpZCI6NTI5MSwidXJsIjoiaHR0cHM6XC9cL2NoaWFyb3NjdXJvLXN0dWRpb3MuY29tXC93cC1jb250ZW50XC91cGxvYWRzXC8yMDIzXC8xMVwvTWFyaW8tQ2VzYXItRm9ybWF0by0yLTEucG5nIiwic2xpZGVzaG93IjoiYzIwYWE2OSJ9\"><br \/>\n\t\t\t\t\t\t\t\t\t\t\t\t\t\t<\/a><br \/>\n\t\t\t\t\t\t\t<a href=\"https:\/\/chiaroscuro-studios.com\/wp-content\/uploads\/2023\/11\/Wilton-Santos-Formato-1-1.jpg\" data-elementor-open-lightbox=\"yes\" data-elementor-lightbox-slideshow=\"c20aa69\" data-elementor-lightbox-title=\"Wilton-Santos-Formato-1 (1)\" data-e-action-hash=\"#elementor-action%3Aaction%3Dlightbox%26settings%3DeyJpZCI6NTI5MiwidXJsIjoiaHR0cHM6XC9cL2NoaWFyb3NjdXJvLXN0dWRpb3MuY29tXC93cC1jb250ZW50XC91cGxvYWRzXC8yMDIzXC8xMVwvV2lsdG9uLVNhbnRvcy1Gb3JtYXRvLTEtMS5qcGciLCJzbGlkZXNob3ciOiJjMjBhYTY5In0%3D\"><br \/>\n\t\t\t\t\t\t\t\t\t\t\t\t\t\t<\/a><br \/>\n\t\t\t\t\t\t\t<a href=\"https:\/\/chiaroscuro-studios.com\/wp-content\/uploads\/2023\/11\/Ju-Loyola-Formato-2-e1662387760920-1.jpg\" data-elementor-open-lightbox=\"yes\" data-elementor-lightbox-slideshow=\"c20aa69\" data-elementor-lightbox-title=\"Ju-Loyola-Formato-2-e1662387760920 (1)\" data-e-action-hash=\"#elementor-action%3Aaction%3Dlightbox%26settings%3DeyJpZCI6NTI5MywidXJsIjoiaHR0cHM6XC9cL2NoaWFyb3NjdXJvLXN0dWRpb3MuY29tXC93cC1jb250ZW50XC91cGxvYWRzXC8yMDIzXC8xMVwvSnUtTG95b2xhLUZvcm1hdG8tMi1lMTY2MjM4Nzc2MDkyMC0xLmpwZyIsInNsaWRlc2hvdyI6ImMyMGFhNjkifQ%3D%3D\"><br \/>\n\t\t\t\t\t\t\t\t\t\t\t\t\t\t<\/a><\/p>\n","protected":false},"excerpt":{"rendered":"<p>Cria\u00e7\u00e3o de 8 ilustra\u00e7\u00f5es para promover a segunda temporada do podcast Paciente 63. Foram selecionados artistas de diferentes perfis, incluindo LGBTQIAPN+, negros e n\u00e3o-brancos, PCDs [&hellip;]<\/p>\n","protected":false},"author":4,"featured_media":0,"parent":0,"menu_order":0,"comment_status":"closed","ping_status":"closed","template":"","meta":{"_monsterinsights_skip_tracking":false,"_monsterinsights_sitenote_active":false,"_monsterinsights_sitenote_note":"","_monsterinsights_sitenote_category":0,"cybocfi_hide_featured_image":"","footnotes":""},"class_list":["post-5272","page","type-page","status-publish","hentry"],"acf":[],"_links":{"self":[{"href":"https:\/\/chiaroscuro-studios.com\/en\/wp-json\/wp\/v2\/pages\/5272","targetHints":{"allow":["GET"]}}],"collection":[{"href":"https:\/\/chiaroscuro-studios.com\/en\/wp-json\/wp\/v2\/pages"}],"about":[{"href":"https:\/\/chiaroscuro-studios.com\/en\/wp-json\/wp\/v2\/types\/page"}],"author":[{"embeddable":true,"href":"https:\/\/chiaroscuro-studios.com\/en\/wp-json\/wp\/v2\/users\/4"}],"replies":[{"embeddable":true,"href":"https:\/\/chiaroscuro-studios.com\/en\/wp-json\/wp\/v2\/comments?post=5272"}],"version-history":[{"count":10,"href":"https:\/\/chiaroscuro-studios.com\/en\/wp-json\/wp\/v2\/pages\/5272\/revisions"}],"predecessor-version":[{"id":5296,"href":"https:\/\/chiaroscuro-studios.com\/en\/wp-json\/wp\/v2\/pages\/5272\/revisions\/5296"}],"wp:attachment":[{"href":"https:\/\/chiaroscuro-studios.com\/en\/wp-json\/wp\/v2\/media?parent=5272"}],"curies":[{"name":"wp","href":"https:\/\/api.w.org\/{rel}","templated":true}]}}