{"id":5231,"date":"2023-11-28T14:24:33","date_gmt":"2023-11-28T17:24:33","guid":{"rendered":"https:\/\/chiaroscuro-studios.com\/?page_id=5231"},"modified":"2023-11-28T14:31:21","modified_gmt":"2023-11-28T17:31:21","slug":"primevideo","status":"publish","type":"page","link":"https:\/\/chiaroscuro-studios.com\/en\/primevideo\/","title":{"rendered":"PrimeVideo"},"content":{"rendered":"<style>\/*! elementor - v3.16.0 - 20-09-2023 *\/\n.elementor-widget-image{text-align:center}.elementor-widget-image a{display:inline-block}.elementor-widget-image a img[src$=\".svg\"]{width:48px}.elementor-widget-image img{vertical-align:middle;display:inline-block}<\/style>\n<p>\t\t\t\t\t\t\t\t\t\t\t\t<img decoding=\"async\" width=\"1024\" height=\"315\" src=\"https:\/\/chiaroscuro-studios.com\/wp-content\/uploads\/2023\/11\/prime-video-1536x472-1-1024x315.png\" alt=\"\" loading=\"lazy\" srcset=\"https:\/\/chiaroscuro-studios.com\/wp-content\/uploads\/2023\/11\/prime-video-1536x472-1-1024x315.png 1024w, https:\/\/chiaroscuro-studios.com\/wp-content\/uploads\/2023\/11\/prime-video-1536x472-1-768x236.png 768w, https:\/\/chiaroscuro-studios.com\/wp-content\/uploads\/2023\/11\/prime-video-1536x472-1-640x197.png 640w, https:\/\/chiaroscuro-studios.com\/wp-content\/uploads\/2023\/11\/prime-video-1536x472-1-400x123.png 400w, https:\/\/chiaroscuro-studios.com\/wp-content\/uploads\/2023\/11\/prime-video-1536x472-1-600x184.png 600w\" sizes=\"auto, (max-width: 1024px) 100vw, 1024px\" \/>\t\t\t\t\t\t\t\t\t\t\t\t\t\t\t<\/p>\n<style>\/*! elementor - v3.16.0 - 20-09-2023 *\/\n.elementor-heading-title{padding:0;margin:0;line-height:1}.elementor-widget-heading .elementor-heading-title[class*=elementor-size-]>a{color:inherit;font-size:inherit;line-height:inherit}.elementor-widget-heading .elementor-heading-title.elementor-size-small{font-size:15px}.elementor-widget-heading .elementor-heading-title.elementor-size-medium{font-size:19px}.elementor-widget-heading .elementor-heading-title.elementor-size-large{font-size:29px}.elementor-widget-heading .elementor-heading-title.elementor-size-xl{font-size:39px}.elementor-widget-heading .elementor-heading-title.elementor-size-xxl{font-size:59px}<\/style>\n<h5>Prime Video contratou a Chiaroscuro Studios para produzir as credenciais oficiais da CCXP23. Convidamos para este projeto o incr\u00edvel artista Mateus Manhanini, que trouxe realismo e muita energia para as credenciais, aprovadas inclusive pelo elenco da s\u00e9rie. A rea\u00e7\u00e3o dos f\u00e3s foi \u00e0 altura da ansiedade pela estreia da quarta temporada de The Boys.<br \/>\nArtista: Lucas Werneck.<\/h5>\n<style>\/*! elementor - v3.16.0 - 20-09-2023 *\/\n.elementor-column .elementor-spacer-inner{height:var(--spacer-size)}.e-con{--container-widget-width:100%}.e-con-inner>.elementor-widget-spacer,.e-con>.elementor-widget-spacer{width:var(--container-widget-width,var(--spacer-size));--align-self:var(--container-widget-align-self,initial);--flex-shrink:0}.e-con-inner>.elementor-widget-spacer>.elementor-widget-container,.e-con>.elementor-widget-spacer>.elementor-widget-container{height:100%;width:100%}.e-con-inner>.elementor-widget-spacer>.elementor-widget-container>.elementor-spacer,.e-con>.elementor-widget-spacer>.elementor-widget-container>.elementor-spacer{height:100%}.e-con-inner>.elementor-widget-spacer>.elementor-widget-container>.elementor-spacer>.elementor-spacer-inner,.e-con>.elementor-widget-spacer>.elementor-widget-container>.elementor-spacer>.elementor-spacer-inner{height:var(--container-widget-height,var(--spacer-size))}.e-con-inner>.elementor-widget-spacer.elementor-widget-empty,.e-con>.elementor-widget-spacer.elementor-widget-empty{position:relative;min-height:22px;min-width:22px}.e-con-inner>.elementor-widget-spacer.elementor-widget-empty .elementor-widget-empty-icon,.e-con>.elementor-widget-spacer.elementor-widget-empty .elementor-widget-empty-icon{position:absolute;top:0;bottom:0;left:0;right:0;margin:auto;padding:0;width:22px;height:22px}<\/style>\n","protected":false},"excerpt":{"rendered":"<p>Prime Video contratou a Chiaroscuro Studios para produzir as credenciais oficiais da CCXP23. Convidamos para este projeto o incr\u00edvel artista Mateus Manhanini, que trouxe realismo [&hellip;]<\/p>\n","protected":false},"author":4,"featured_media":0,"parent":0,"menu_order":0,"comment_status":"closed","ping_status":"closed","template":"","meta":{"_monsterinsights_skip_tracking":false,"_monsterinsights_sitenote_active":false,"_monsterinsights_sitenote_note":"","_monsterinsights_sitenote_category":0,"cybocfi_hide_featured_image":"","footnotes":""},"class_list":["post-5231","page","type-page","status-publish","hentry"],"acf":[],"_links":{"self":[{"href":"https:\/\/chiaroscuro-studios.com\/en\/wp-json\/wp\/v2\/pages\/5231","targetHints":{"allow":["GET"]}}],"collection":[{"href":"https:\/\/chiaroscuro-studios.com\/en\/wp-json\/wp\/v2\/pages"}],"about":[{"href":"https:\/\/chiaroscuro-studios.com\/en\/wp-json\/wp\/v2\/types\/page"}],"author":[{"embeddable":true,"href":"https:\/\/chiaroscuro-studios.com\/en\/wp-json\/wp\/v2\/users\/4"}],"replies":[{"embeddable":true,"href":"https:\/\/chiaroscuro-studios.com\/en\/wp-json\/wp\/v2\/comments?post=5231"}],"version-history":[{"count":7,"href":"https:\/\/chiaroscuro-studios.com\/en\/wp-json\/wp\/v2\/pages\/5231\/revisions"}],"predecessor-version":[{"id":5240,"href":"https:\/\/chiaroscuro-studios.com\/en\/wp-json\/wp\/v2\/pages\/5231\/revisions\/5240"}],"wp:attachment":[{"href":"https:\/\/chiaroscuro-studios.com\/en\/wp-json\/wp\/v2\/media?parent=5231"}],"curies":[{"name":"wp","href":"https:\/\/api.w.org\/{rel}","templated":true}]}}