{"id":5107,"date":"2023-11-27T08:58:11","date_gmt":"2023-11-27T11:58:11","guid":{"rendered":"https:\/\/chiaroscuro-studios.com\/?page_id=5107"},"modified":"2023-11-28T16:39:14","modified_gmt":"2023-11-28T19:39:14","slug":"yearbook-2016","status":"publish","type":"page","link":"https:\/\/chiaroscuro-studios.com\/en\/publicacoes\/yearbook-2016\/","title":{"rendered":"Yearbook 2016"},"content":{"rendered":"<style>\/*! elementor - v3.16.0 - 20-09-2023 *\/\n.elementor-heading-title{padding:0;margin:0;line-height:1}.elementor-widget-heading .elementor-heading-title[class*=elementor-size-]>a{color:inherit;font-size:inherit;line-height:inherit}.elementor-widget-heading .elementor-heading-title.elementor-size-small{font-size:15px}.elementor-widget-heading .elementor-heading-title.elementor-size-medium{font-size:19px}.elementor-widget-heading .elementor-heading-title.elementor-size-large{font-size:29px}.elementor-widget-heading .elementor-heading-title.elementor-size-xl{font-size:39px}.elementor-widget-heading .elementor-heading-title.elementor-size-xxl{font-size:59px}<\/style>\n<h2>2016 <\/p>\n<p>Um ano nas nossas vidas<\/h2>\n<h5>\u201cNas p\u00e1ginas a seguir, voc\u00ea encontrar\u00e1 um relato do ano de cada um dos artistas por n\u00f3s representados, al\u00e9m de uma galeria com artes produzidas ao longo de 2016 e 53 artes in\u00e9ditas, criadas especialmente para este Yearbook.<\/p>\n<p>Para a Chiaroscuro Studios, 2016 foi um ano de consolida\u00e7\u00e3o tanto de nossa posi\u00e7\u00e3o no mercado mundial de quadrinhos e dos projetos dos quais participamos, destacadamente da CCXP Comic Con Experience, que caminha para se tornar a maior comic con do mundo, apesar de ainda estar em sua terceira edi\u00e7\u00e3o\u201d<\/p>\n<p>\u2013 Da Introdu\u00e7\u00e3o<\/h5>\n<style>\/*! elementor - v3.16.0 - 20-09-2023 *\/\n.elementor-column .elementor-spacer-inner{height:var(--spacer-size)}.e-con{--container-widget-width:100%}.e-con-inner>.elementor-widget-spacer,.e-con>.elementor-widget-spacer{width:var(--container-widget-width,var(--spacer-size));--align-self:var(--container-widget-align-self,initial);--flex-shrink:0}.e-con-inner>.elementor-widget-spacer>.elementor-widget-container,.e-con>.elementor-widget-spacer>.elementor-widget-container{height:100%;width:100%}.e-con-inner>.elementor-widget-spacer>.elementor-widget-container>.elementor-spacer,.e-con>.elementor-widget-spacer>.elementor-widget-container>.elementor-spacer{height:100%}.e-con-inner>.elementor-widget-spacer>.elementor-widget-container>.elementor-spacer>.elementor-spacer-inner,.e-con>.elementor-widget-spacer>.elementor-widget-container>.elementor-spacer>.elementor-spacer-inner{height:var(--container-widget-height,var(--spacer-size))}.e-con-inner>.elementor-widget-spacer.elementor-widget-empty,.e-con>.elementor-widget-spacer.elementor-widget-empty{position:relative;min-height:22px;min-width:22px}.e-con-inner>.elementor-widget-spacer.elementor-widget-empty .elementor-widget-empty-icon,.e-con>.elementor-widget-spacer.elementor-widget-empty .elementor-widget-empty-icon{position:absolute;top:0;bottom:0;left:0;right:0;margin:auto;padding:0;width:22px;height:22px}<\/style>\n<style>\/*! elementor - v3.16.0 - 20-09-2023 *\/\n.elementor-widget-image{text-align:center}.elementor-widget-image a{display:inline-block}.elementor-widget-image a img[src$=\".svg\"]{width:48px}.elementor-widget-image img{vertical-align:middle;display:inline-block}<\/style>\n<p>\t\t\t\t\t\t\t\t\t\t\t\t<img decoding=\"async\" width=\"1024\" height=\"504\" src=\"https:\/\/chiaroscuro-studios.com\/wp-content\/uploads\/2023\/11\/back2016.jpg\" alt=\"\" loading=\"lazy\" srcset=\"https:\/\/chiaroscuro-studios.com\/wp-content\/uploads\/2023\/11\/back2016.jpg 1024w, https:\/\/chiaroscuro-studios.com\/wp-content\/uploads\/2023\/11\/back2016-768x378.jpg 768w, https:\/\/chiaroscuro-studios.com\/wp-content\/uploads\/2023\/11\/back2016-640x315.jpg 640w, https:\/\/chiaroscuro-studios.com\/wp-content\/uploads\/2023\/11\/back2016-400x197.jpg 400w, https:\/\/chiaroscuro-studios.com\/wp-content\/uploads\/2023\/11\/back2016-600x295.jpg 600w\" sizes=\"auto, (max-width: 1024px) 100vw, 1024px\" \/><br \/>\n\t\t\t<a href=\"https:\/\/www.dropbox.com\/scl\/fi\/8hw8udt2aq2e4je7zw8yy\/Chiaroscuro-Studios-Yearbook-2016-PDF-version.pdf?rlkey=06vv2m10x13r1fqu7vaen7xrk&#038;dl=0\" target=\"_blank\" rel=\"noopener\"><br \/>\n\t\t\t\t\t\tBaixe o livro aqui<br \/>\n\t\t\t\t\t<\/a><br \/>\n\t\t<iframe loading=\"lazy\" title=\"Chiaroscuro Studios - Yearbook 2016 no Catarse\" width=\"500\" height=\"281\" src=\"https:\/\/www.youtube.com\/embed\/yeC1o2Dldak?feature=oembed\" frameborder=\"0\" allow=\"accelerometer; autoplay; clipboard-write; encrypted-media; gyroscope; picture-in-picture; web-share\" referrerpolicy=\"strict-origin-when-cross-origin\" allowfullscreen><\/iframe><\/p>\n","protected":false},"excerpt":{"rendered":"<p>2016 Um ano nas nossas vidas \u201cNas p\u00e1ginas a seguir, voc\u00ea encontrar\u00e1 um relato do ano de cada um dos artistas por n\u00f3s representados, al\u00e9m [&hellip;]<\/p>\n","protected":false},"author":4,"featured_media":0,"parent":5021,"menu_order":0,"comment_status":"closed","ping_status":"closed","template":"","meta":{"_monsterinsights_skip_tracking":false,"_monsterinsights_sitenote_active":false,"_monsterinsights_sitenote_note":"","_monsterinsights_sitenote_category":0,"cybocfi_hide_featured_image":"","footnotes":""},"class_list":["post-5107","page","type-page","status-publish","hentry"],"acf":[],"_links":{"self":[{"href":"https:\/\/chiaroscuro-studios.com\/en\/wp-json\/wp\/v2\/pages\/5107","targetHints":{"allow":["GET"]}}],"collection":[{"href":"https:\/\/chiaroscuro-studios.com\/en\/wp-json\/wp\/v2\/pages"}],"about":[{"href":"https:\/\/chiaroscuro-studios.com\/en\/wp-json\/wp\/v2\/types\/page"}],"author":[{"embeddable":true,"href":"https:\/\/chiaroscuro-studios.com\/en\/wp-json\/wp\/v2\/users\/4"}],"replies":[{"embeddable":true,"href":"https:\/\/chiaroscuro-studios.com\/en\/wp-json\/wp\/v2\/comments?post=5107"}],"version-history":[{"count":10,"href":"https:\/\/chiaroscuro-studios.com\/en\/wp-json\/wp\/v2\/pages\/5107\/revisions"}],"predecessor-version":[{"id":5410,"href":"https:\/\/chiaroscuro-studios.com\/en\/wp-json\/wp\/v2\/pages\/5107\/revisions\/5410"}],"up":[{"embeddable":true,"href":"https:\/\/chiaroscuro-studios.com\/en\/wp-json\/wp\/v2\/pages\/5021"}],"wp:attachment":[{"href":"https:\/\/chiaroscuro-studios.com\/en\/wp-json\/wp\/v2\/media?parent=5107"}],"curies":[{"name":"wp","href":"https:\/\/api.w.org\/{rel}","templated":true}]}}