{"id":5069,"date":"2023-11-27T08:30:02","date_gmt":"2023-11-27T11:30:02","guid":{"rendered":"https:\/\/chiaroscuro-studios.com\/?page_id=5069"},"modified":"2023-11-28T16:34:34","modified_gmt":"2023-11-28T19:34:34","slug":"yearbook-2019","status":"publish","type":"page","link":"https:\/\/chiaroscuro-studios.com\/en\/publicacoes\/yearbook-2019\/","title":{"rendered":"Yearbook 2019"},"content":{"rendered":"<style>\/*! elementor - v3.16.0 - 20-09-2023 *\/\n.elementor-heading-title{padding:0;margin:0;line-height:1}.elementor-widget-heading .elementor-heading-title[class*=elementor-size-]>a{color:inherit;font-size:inherit;line-height:inherit}.elementor-widget-heading .elementor-heading-title.elementor-size-small{font-size:15px}.elementor-widget-heading .elementor-heading-title.elementor-size-medium{font-size:19px}.elementor-widget-heading .elementor-heading-title.elementor-size-large{font-size:29px}.elementor-widget-heading .elementor-heading-title.elementor-size-xl{font-size:39px}.elementor-widget-heading .elementor-heading-title.elementor-size-xxl{font-size:59px}<\/style>\n<h2>2019 <\/p>\n<p>Grande almanaque dos super-her\u00f3is brasileiros<\/h2>\n<h5>\u201cO pa\u00eds que est\u00e1 entre os precursores dos quadrinhos no mundo tamb\u00e9m enveredou em um dos g\u00eaneros mais populares das hqs: os super-her\u00f3is.<\/p>\n<p>S\u00e3o centenas de personagens que viveram suas aventuras nas revistas em quadrinhos e nos jornais, passando tamb\u00e9m \u00e0 TV, ao cinema e chegando a serem publicados em outros pa\u00edses, por\u00e9m muitos deles foram esquecidos ao longo do tempo.<\/p>\n<p>Os talentos da Chiaroscuro Studios, acostumados a emprestar seu talento aos super-her\u00f3is da DC Comics, Marvel Comics e de outras grandes editoras, prestam homenagem a esses criadores e \u00e0s suas obras ao reimaginar mais de 50 personagens cl\u00e1ssicos criados at\u00e9 1989.<\/p>\n<p>O GRANDE ALMANAQUE DOS SUPER-HER\u00d3IS BRASILEIROS \u00e9 uma ode ao passado e um olhar para o futuro, em um projeto oficial que conta com o apoio dos criadores dos personagens e de seus herdeiros, sendo item obrigat\u00f3rio na biblioteca de todos os f\u00e3s de hist\u00f3rias em quadrinhos e de cultura pop.\u201d<\/p>\n<p>      \u2013 Da Introdu\u00e7\u00e3o<\/h5>\n<style>\/*! elementor - v3.16.0 - 20-09-2023 *\/\n.elementor-column .elementor-spacer-inner{height:var(--spacer-size)}.e-con{--container-widget-width:100%}.e-con-inner>.elementor-widget-spacer,.e-con>.elementor-widget-spacer{width:var(--container-widget-width,var(--spacer-size));--align-self:var(--container-widget-align-self,initial);--flex-shrink:0}.e-con-inner>.elementor-widget-spacer>.elementor-widget-container,.e-con>.elementor-widget-spacer>.elementor-widget-container{height:100%;width:100%}.e-con-inner>.elementor-widget-spacer>.elementor-widget-container>.elementor-spacer,.e-con>.elementor-widget-spacer>.elementor-widget-container>.elementor-spacer{height:100%}.e-con-inner>.elementor-widget-spacer>.elementor-widget-container>.elementor-spacer>.elementor-spacer-inner,.e-con>.elementor-widget-spacer>.elementor-widget-container>.elementor-spacer>.elementor-spacer-inner{height:var(--container-widget-height,var(--spacer-size))}.e-con-inner>.elementor-widget-spacer.elementor-widget-empty,.e-con>.elementor-widget-spacer.elementor-widget-empty{position:relative;min-height:22px;min-width:22px}.e-con-inner>.elementor-widget-spacer.elementor-widget-empty .elementor-widget-empty-icon,.e-con>.elementor-widget-spacer.elementor-widget-empty .elementor-widget-empty-icon{position:absolute;top:0;bottom:0;left:0;right:0;margin:auto;padding:0;width:22px;height:22px}<\/style>\n<style>\/*! elementor - v3.16.0 - 20-09-2023 *\/\n.elementor-widget-image{text-align:center}.elementor-widget-image a{display:inline-block}.elementor-widget-image a img[src$=\".svg\"]{width:48px}.elementor-widget-image img{vertical-align:middle;display:inline-block}<\/style>\n<p>\t\t\t\t\t\t\t\t\t\t\t\t<img decoding=\"async\" width=\"1024\" height=\"719\" src=\"https:\/\/chiaroscuro-studios.com\/wp-content\/uploads\/2023\/11\/dupla-2019.jpg\" alt=\"\" loading=\"lazy\" srcset=\"https:\/\/chiaroscuro-studios.com\/wp-content\/uploads\/2023\/11\/dupla-2019.jpg 1024w, https:\/\/chiaroscuro-studios.com\/wp-content\/uploads\/2023\/11\/dupla-2019-768x539.jpg 768w, https:\/\/chiaroscuro-studios.com\/wp-content\/uploads\/2023\/11\/dupla-2019-640x449.jpg 640w, https:\/\/chiaroscuro-studios.com\/wp-content\/uploads\/2023\/11\/dupla-2019-400x281.jpg 400w, https:\/\/chiaroscuro-studios.com\/wp-content\/uploads\/2023\/11\/dupla-2019-600x421.jpg 600w\" sizes=\"auto, (max-width: 1024px) 100vw, 1024px\" \/><br \/>\n\t\t\t<a href=\"https:\/\/www.dropbox.com\/scl\/fi\/cugx6iel3u2kneb48i5ap\/Chiaroscuro-Studios-Yearbook-2019.pdf?rlkey=g6jzf4wyybjs1wvv9sng5fjzj&#038;dl=0\" target=\"_blank\" rel=\"noopener\"><br \/>\n\t\t\t\t\t\tBaixe o livro aqui<br \/>\n\t\t\t\t\t<\/a><\/p>\n","protected":false},"excerpt":{"rendered":"<p>2019 Grande almanaque dos super-her\u00f3is brasileiros \u201cO pa\u00eds que est\u00e1 entre os precursores dos quadrinhos no mundo tamb\u00e9m enveredou em um dos g\u00eaneros mais populares [&hellip;]<\/p>\n","protected":false},"author":4,"featured_media":0,"parent":5021,"menu_order":0,"comment_status":"closed","ping_status":"closed","template":"","meta":{"_monsterinsights_skip_tracking":false,"_monsterinsights_sitenote_active":false,"_monsterinsights_sitenote_note":"","_monsterinsights_sitenote_category":0,"cybocfi_hide_featured_image":"","footnotes":""},"class_list":["post-5069","page","type-page","status-publish","hentry"],"acf":[],"_links":{"self":[{"href":"https:\/\/chiaroscuro-studios.com\/en\/wp-json\/wp\/v2\/pages\/5069","targetHints":{"allow":["GET"]}}],"collection":[{"href":"https:\/\/chiaroscuro-studios.com\/en\/wp-json\/wp\/v2\/pages"}],"about":[{"href":"https:\/\/chiaroscuro-studios.com\/en\/wp-json\/wp\/v2\/types\/page"}],"author":[{"embeddable":true,"href":"https:\/\/chiaroscuro-studios.com\/en\/wp-json\/wp\/v2\/users\/4"}],"replies":[{"embeddable":true,"href":"https:\/\/chiaroscuro-studios.com\/en\/wp-json\/wp\/v2\/comments?post=5069"}],"version-history":[{"count":7,"href":"https:\/\/chiaroscuro-studios.com\/en\/wp-json\/wp\/v2\/pages\/5069\/revisions"}],"predecessor-version":[{"id":5401,"href":"https:\/\/chiaroscuro-studios.com\/en\/wp-json\/wp\/v2\/pages\/5069\/revisions\/5401"}],"up":[{"embeddable":true,"href":"https:\/\/chiaroscuro-studios.com\/en\/wp-json\/wp\/v2\/pages\/5021"}],"wp:attachment":[{"href":"https:\/\/chiaroscuro-studios.com\/en\/wp-json\/wp\/v2\/media?parent=5069"}],"curies":[{"name":"wp","href":"https:\/\/api.w.org\/{rel}","templated":true}]}}