{"id":5048,"date":"2023-11-27T08:16:23","date_gmt":"2023-11-27T11:16:23","guid":{"rendered":"https:\/\/chiaroscuro-studios.com\/?page_id=5048"},"modified":"2023-11-28T16:31:50","modified_gmt":"2023-11-28T19:31:50","slug":"yearbook-2020","status":"publish","type":"page","link":"https:\/\/chiaroscuro-studios.com\/en\/publicacoes\/yearbook-2020\/","title":{"rendered":"Yearbook 2020"},"content":{"rendered":"<style>\/*! elementor - v3.16.0 - 20-09-2023 *\/\n.elementor-heading-title{padding:0;margin:0;line-height:1}.elementor-widget-heading .elementor-heading-title[class*=elementor-size-]>a{color:inherit;font-size:inherit;line-height:inherit}.elementor-widget-heading .elementor-heading-title.elementor-size-small{font-size:15px}.elementor-widget-heading .elementor-heading-title.elementor-size-medium{font-size:19px}.elementor-widget-heading .elementor-heading-title.elementor-size-large{font-size:29px}.elementor-widget-heading .elementor-heading-title.elementor-size-xl{font-size:39px}.elementor-widget-heading .elementor-heading-title.elementor-size-xxl{font-size:59px}<\/style>\n<h2>2020 &#8211;<br \/>\nDeclara\u00e7\u00e3o Universal dos Direitos Humanos<\/h2>\n<h5>\u201cMais importante do que nunca, a Declara\u00e7\u00e3o Universal dos Direitos Humanos ganha agora um livro ilustrado, no qual seus artigos e par\u00e1grafos s\u00e3o representados em desenhos criados pelos artistas da Chiaroscuro Studios, ag\u00eancia brasileira que representa mais de 60 quadrinistas que atuam em editoras de quadrinhos de todo o mundo.<\/p>\n<p>Descontados os custos de produ\u00e7\u00e3o e de impress\u00e3o, todos os recursos levantados com a venda deste livro ser\u00e3o doados a institui\u00e7\u00f5es e ONGs para ajudar a trazer mais dignidade e mais qualidade de vida a pessoas de todo o Brasil.<\/p>\n<p>H\u00e1 um longo caminho a percorrer at\u00e9 que a Declara\u00e7\u00e3o Universal dos Direitos Humanos esteja presente na vida de cada ser humano, independentemente de sua cultura, cor, sexo, idioma, religi\u00e3o, orienta\u00e7\u00e3o sexual ou condi\u00e7\u00e3o.<\/p>\n<p>Que esta seja uma luta di\u00e1ria para cada pessoa que verdadeiramente deseja um mundo mais igualit\u00e1rio e justo para todos.\u201d<\/h5>\n<style>\/*! elementor - v3.16.0 - 20-09-2023 *\/\n.elementor-column .elementor-spacer-inner{height:var(--spacer-size)}.e-con{--container-widget-width:100%}.e-con-inner>.elementor-widget-spacer,.e-con>.elementor-widget-spacer{width:var(--container-widget-width,var(--spacer-size));--align-self:var(--container-widget-align-self,initial);--flex-shrink:0}.e-con-inner>.elementor-widget-spacer>.elementor-widget-container,.e-con>.elementor-widget-spacer>.elementor-widget-container{height:100%;width:100%}.e-con-inner>.elementor-widget-spacer>.elementor-widget-container>.elementor-spacer,.e-con>.elementor-widget-spacer>.elementor-widget-container>.elementor-spacer{height:100%}.e-con-inner>.elementor-widget-spacer>.elementor-widget-container>.elementor-spacer>.elementor-spacer-inner,.e-con>.elementor-widget-spacer>.elementor-widget-container>.elementor-spacer>.elementor-spacer-inner{height:var(--container-widget-height,var(--spacer-size))}.e-con-inner>.elementor-widget-spacer.elementor-widget-empty,.e-con>.elementor-widget-spacer.elementor-widget-empty{position:relative;min-height:22px;min-width:22px}.e-con-inner>.elementor-widget-spacer.elementor-widget-empty .elementor-widget-empty-icon,.e-con>.elementor-widget-spacer.elementor-widget-empty .elementor-widget-empty-icon{position:absolute;top:0;bottom:0;left:0;right:0;margin:auto;padding:0;width:22px;height:22px}<\/style>\n<style>\/*! elementor - v3.16.0 - 20-09-2023 *\/\n.elementor-widget-image{text-align:center}.elementor-widget-image a{display:inline-block}.elementor-widget-image a img[src$=\".svg\"]{width:48px}.elementor-widget-image img{vertical-align:middle;display:inline-block}<\/style>\n<p>\t\t\t\t\t\t\t\t\t\t\t\t<img decoding=\"async\" width=\"1024\" height=\"754\" src=\"https:\/\/chiaroscuro-studios.com\/wp-content\/uploads\/2023\/11\/declaracao-dupla.jpg\" alt=\"\" loading=\"lazy\" srcset=\"https:\/\/chiaroscuro-studios.com\/wp-content\/uploads\/2023\/11\/declaracao-dupla.jpg 1024w, https:\/\/chiaroscuro-studios.com\/wp-content\/uploads\/2023\/11\/declaracao-dupla-768x566.jpg 768w, https:\/\/chiaroscuro-studios.com\/wp-content\/uploads\/2023\/11\/declaracao-dupla-640x471.jpg 640w, https:\/\/chiaroscuro-studios.com\/wp-content\/uploads\/2023\/11\/declaracao-dupla-400x295.jpg 400w, https:\/\/chiaroscuro-studios.com\/wp-content\/uploads\/2023\/11\/declaracao-dupla-600x442.jpg 600w\" sizes=\"auto, (max-width: 1024px) 100vw, 1024px\" \/><br \/>\n\t\t\t<a href=\"https:\/\/www.dropbox.com\/scl\/fi\/2krlkyiu1rtephhgast3l\/Declaracao-Universal-dos-Direitos-Humanos-Chiaroscuro-Studios.pdf?rlkey=l8xz9e2fpefmxaqb18fal0yal&#038;dl=0\" target=\"_blank\" rel=\"noopener\"><br \/>\n\t\t\t\t\t\tBaixe o livro aqui<br \/>\n\t\t\t\t\t<\/a><\/p>\n","protected":false},"excerpt":{"rendered":"<p>2020 &#8211; Declara\u00e7\u00e3o Universal dos Direitos Humanos \u201cMais importante do que nunca, a Declara\u00e7\u00e3o Universal dos Direitos Humanos ganha agora um livro ilustrado, no qual [&hellip;]<\/p>\n","protected":false},"author":4,"featured_media":0,"parent":5021,"menu_order":0,"comment_status":"closed","ping_status":"closed","template":"","meta":{"_monsterinsights_skip_tracking":false,"_monsterinsights_sitenote_active":false,"_monsterinsights_sitenote_note":"","_monsterinsights_sitenote_category":0,"cybocfi_hide_featured_image":"","footnotes":""},"class_list":["post-5048","page","type-page","status-publish","hentry"],"acf":[],"_links":{"self":[{"href":"https:\/\/chiaroscuro-studios.com\/en\/wp-json\/wp\/v2\/pages\/5048","targetHints":{"allow":["GET"]}}],"collection":[{"href":"https:\/\/chiaroscuro-studios.com\/en\/wp-json\/wp\/v2\/pages"}],"about":[{"href":"https:\/\/chiaroscuro-studios.com\/en\/wp-json\/wp\/v2\/types\/page"}],"author":[{"embeddable":true,"href":"https:\/\/chiaroscuro-studios.com\/en\/wp-json\/wp\/v2\/users\/4"}],"replies":[{"embeddable":true,"href":"https:\/\/chiaroscuro-studios.com\/en\/wp-json\/wp\/v2\/comments?post=5048"}],"version-history":[{"count":10,"href":"https:\/\/chiaroscuro-studios.com\/en\/wp-json\/wp\/v2\/pages\/5048\/revisions"}],"predecessor-version":[{"id":5398,"href":"https:\/\/chiaroscuro-studios.com\/en\/wp-json\/wp\/v2\/pages\/5048\/revisions\/5398"}],"up":[{"embeddable":true,"href":"https:\/\/chiaroscuro-studios.com\/en\/wp-json\/wp\/v2\/pages\/5021"}],"wp:attachment":[{"href":"https:\/\/chiaroscuro-studios.com\/en\/wp-json\/wp\/v2\/media?parent=5048"}],"curies":[{"name":"wp","href":"https:\/\/api.w.org\/{rel}","templated":true}]}}