{"id":5021,"date":"2023-11-27T08:00:57","date_gmt":"2023-11-27T11:00:57","guid":{"rendered":"https:\/\/chiaroscuro-studios.com\/?page_id=5021"},"modified":"2023-11-27T08:58:21","modified_gmt":"2023-11-27T11:58:21","slug":"publicacoes","status":"publish","type":"page","link":"https:\/\/chiaroscuro-studios.com\/en\/publicacoes\/","title":{"rendered":"Publica\u00e7\u00f5es"},"content":{"rendered":"<style>\/*! elementor - v3.16.0 - 20-09-2023 *\/\n.elementor-heading-title{padding:0;margin:0;line-height:1}.elementor-widget-heading .elementor-heading-title[class*=elementor-size-]>a{color:inherit;font-size:inherit;line-height:inherit}.elementor-widget-heading .elementor-heading-title.elementor-size-small{font-size:15px}.elementor-widget-heading .elementor-heading-title.elementor-size-medium{font-size:19px}.elementor-widget-heading .elementor-heading-title.elementor-size-large{font-size:29px}.elementor-widget-heading .elementor-heading-title.elementor-size-xl{font-size:39px}.elementor-widget-heading .elementor-heading-title.elementor-size-xxl{font-size:59px}<\/style>\n<h2>Publica\u00e7\u00f5es<\/h2>\n<h5>Desde 2018, a Chiaroscuro Studios apresenta anualmente seus Yearbooks, livros que exibem a criatividade e habilidades dos artistas do est\u00fadio. Com temas variados, eles abrangem desde colabora\u00e7\u00f5es de mais de 60 artistas em uma \u00fanica hist\u00f3ria em quadrinhos at\u00e9 edi\u00e7\u00f5es ilustradas da Declara\u00e7\u00e3o Universal dos Direitos Humanos. S\u00e3o express\u00f5es puras de criatividade e talento da nossa equipe.<\/p>\n<p>Explore abaixo informa\u00e7\u00f5es detalhadas sobre cada um de nossos Yearbooks e aproveite a oportunidade de baix\u00e1-los gratuitamente. Este \u00e9 o nosso presente para todos aqueles que compartilham nosso amor pela arte e pela narrativa visual.<\/h5>\n<style>\/*! elementor - v3.16.0 - 20-09-2023 *\/\n.elementor-column .elementor-spacer-inner{height:var(--spacer-size)}.e-con{--container-widget-width:100%}.e-con-inner>.elementor-widget-spacer,.e-con>.elementor-widget-spacer{width:var(--container-widget-width,var(--spacer-size));--align-self:var(--container-widget-align-self,initial);--flex-shrink:0}.e-con-inner>.elementor-widget-spacer>.elementor-widget-container,.e-con>.elementor-widget-spacer>.elementor-widget-container{height:100%;width:100%}.e-con-inner>.elementor-widget-spacer>.elementor-widget-container>.elementor-spacer,.e-con>.elementor-widget-spacer>.elementor-widget-container>.elementor-spacer{height:100%}.e-con-inner>.elementor-widget-spacer>.elementor-widget-container>.elementor-spacer>.elementor-spacer-inner,.e-con>.elementor-widget-spacer>.elementor-widget-container>.elementor-spacer>.elementor-spacer-inner{height:var(--container-widget-height,var(--spacer-size))}.e-con-inner>.elementor-widget-spacer.elementor-widget-empty,.e-con>.elementor-widget-spacer.elementor-widget-empty{position:relative;min-height:22px;min-width:22px}.e-con-inner>.elementor-widget-spacer.elementor-widget-empty .elementor-widget-empty-icon,.e-con>.elementor-widget-spacer.elementor-widget-empty .elementor-widget-empty-icon{position:absolute;top:0;bottom:0;left:0;right:0;margin:auto;padding:0;width:22px;height:22px}<\/style>\n<style>\/*! elementor - v3.16.0 - 20-09-2023 *\/\n.elementor-widget-image{text-align:center}.elementor-widget-image a{display:inline-block}.elementor-widget-image a img[src$=\".svg\"]{width:48px}.elementor-widget-image img{vertical-align:middle;display:inline-block}<\/style>\n<p>\t\t\t\t\t\t\t\t\t\t\t\t\t<a href=\"https:\/\/chiaroscuro-studios.com\/publicacoes\/yearbook-2020\/\"><br \/>\n\t\t\t\t\t\t\t<img decoding=\"async\" width=\"600\" height=\"600\" src=\"https:\/\/chiaroscuro-studios.com\/wp-content\/uploads\/2023\/11\/declaracao.jpg\" alt=\"\" loading=\"lazy\" srcset=\"https:\/\/chiaroscuro-studios.com\/wp-content\/uploads\/2023\/11\/declaracao.jpg 600w, https:\/\/chiaroscuro-studios.com\/wp-content\/uploads\/2023\/11\/declaracao-400x400.jpg 400w, https:\/\/chiaroscuro-studios.com\/wp-content\/uploads\/2023\/11\/declaracao-560x560.jpg 560w, https:\/\/chiaroscuro-studios.com\/wp-content\/uploads\/2023\/11\/declaracao-367x367.jpg 367w\" sizes=\"auto, (max-width: 600px) 100vw, 600px\" \/>\t\t\t\t\t\t\t\t<\/a><\/p>\n<h2   >2020<\/h2>\n<style>.porto-u-8519.porto-u-heading{text-align:center}<\/style>\n<p>\t\t\t\t\t\t\t\t\t\t\t\t\t\t\t\t<a href=\"https:\/\/chiaroscuro-studios.com\/publicacoes\/yearbook-2019\/\"><br \/>\n\t\t\t\t\t\t\t<img decoding=\"async\" width=\"600\" height=\"600\" src=\"https:\/\/chiaroscuro-studios.com\/wp-content\/uploads\/2023\/11\/o-grande-almanaque.jpg\" alt=\"\" loading=\"lazy\" srcset=\"https:\/\/chiaroscuro-studios.com\/wp-content\/uploads\/2023\/11\/o-grande-almanaque.jpg 600w, https:\/\/chiaroscuro-studios.com\/wp-content\/uploads\/2023\/11\/o-grande-almanaque-400x400.jpg 400w, https:\/\/chiaroscuro-studios.com\/wp-content\/uploads\/2023\/11\/o-grande-almanaque-560x560.jpg 560w, https:\/\/chiaroscuro-studios.com\/wp-content\/uploads\/2023\/11\/o-grande-almanaque-367x367.jpg 367w\" sizes=\"auto, (max-width: 600px) 100vw, 600px\" \/>\t\t\t\t\t\t\t\t<\/a><\/p>\n<h2   >2019<\/h2>\n<style>.porto-u-7297.porto-u-heading{text-align:center}<\/style>\n<p>\t\t\t\t\t\t\t\t\t\t\t\t\t\t\t\t<a href=\"https:\/\/chiaroscuro-studios.com\/publicacoes\/yearbook-2018\/\"><br \/>\n\t\t\t\t\t\t\t<img decoding=\"async\" width=\"600\" height=\"600\" src=\"https:\/\/chiaroscuro-studios.com\/wp-content\/uploads\/2023\/11\/cover-lendas.jpg\" alt=\"\" loading=\"lazy\" srcset=\"https:\/\/chiaroscuro-studios.com\/wp-content\/uploads\/2023\/11\/cover-lendas.jpg 600w, https:\/\/chiaroscuro-studios.com\/wp-content\/uploads\/2023\/11\/cover-lendas-400x400.jpg 400w, https:\/\/chiaroscuro-studios.com\/wp-content\/uploads\/2023\/11\/cover-lendas-560x560.jpg 560w, https:\/\/chiaroscuro-studios.com\/wp-content\/uploads\/2023\/11\/cover-lendas-367x367.jpg 367w\" sizes=\"auto, (max-width: 600px) 100vw, 600px\" \/>\t\t\t\t\t\t\t\t<\/a><\/p>\n<h2   >2018<\/h2>\n<style>.porto-u-8792.porto-u-heading{text-align:center}<\/style>\n<p>\t\t\t\t\t\t\t\t\t\t\t\t\t\t\t\t<a href=\"https:\/\/chiaroscuro-studios.com\/publicacoes\/yearbook-2017\/\"><br \/>\n\t\t\t\t\t\t\t<img decoding=\"async\" width=\"600\" height=\"600\" src=\"https:\/\/chiaroscuro-studios.com\/wp-content\/uploads\/2023\/11\/capa-dias-de-horror.jpg\" alt=\"\" loading=\"lazy\" srcset=\"https:\/\/chiaroscuro-studios.com\/wp-content\/uploads\/2023\/11\/capa-dias-de-horror.jpg 600w, https:\/\/chiaroscuro-studios.com\/wp-content\/uploads\/2023\/11\/capa-dias-de-horror-400x400.jpg 400w, https:\/\/chiaroscuro-studios.com\/wp-content\/uploads\/2023\/11\/capa-dias-de-horror-560x560.jpg 560w, https:\/\/chiaroscuro-studios.com\/wp-content\/uploads\/2023\/11\/capa-dias-de-horror-367x367.jpg 367w\" sizes=\"auto, (max-width: 600px) 100vw, 600px\" \/>\t\t\t\t\t\t\t\t<\/a><\/p>\n<h2   >2017<\/h2>\n<style>.porto-u-7324.porto-u-heading{text-align:center}<\/style>\n<p>\t\t\t\t\t\t\t\t\t\t\t\t\t\t\t\t<a href=\"https:\/\/chiaroscuro-studios.com\/publicacoes\/yearbook-2016\/\"><br \/>\n\t\t\t\t\t\t\t<img decoding=\"async\" width=\"600\" height=\"600\" src=\"https:\/\/chiaroscuro-studios.com\/wp-content\/uploads\/2023\/11\/2016.jpg\" alt=\"\" loading=\"lazy\" srcset=\"https:\/\/chiaroscuro-studios.com\/wp-content\/uploads\/2023\/11\/2016.jpg 600w, https:\/\/chiaroscuro-studios.com\/wp-content\/uploads\/2023\/11\/2016-400x400.jpg 400w, https:\/\/chiaroscuro-studios.com\/wp-content\/uploads\/2023\/11\/2016-560x560.jpg 560w, https:\/\/chiaroscuro-studios.com\/wp-content\/uploads\/2023\/11\/2016-367x367.jpg 367w\" sizes=\"auto, (max-width: 600px) 100vw, 600px\" \/>\t\t\t\t\t\t\t\t<\/a><\/p>\n<h2   >2016<\/h2>\n<style>.porto-u-7080.porto-u-heading{text-align:center}<\/style>\n","protected":false},"excerpt":{"rendered":"<p>Publica\u00e7\u00f5es Desde 2018, a Chiaroscuro Studios apresenta anualmente seus Yearbooks, livros que exibem a criatividade e habilidades dos artistas do est\u00fadio. Com temas variados, eles [&hellip;]<\/p>\n","protected":false},"author":4,"featured_media":0,"parent":0,"menu_order":0,"comment_status":"closed","ping_status":"closed","template":"","meta":{"_monsterinsights_skip_tracking":false,"_monsterinsights_sitenote_active":false,"_monsterinsights_sitenote_note":"","_monsterinsights_sitenote_category":0,"cybocfi_hide_featured_image":"","footnotes":""},"class_list":["post-5021","page","type-page","status-publish","hentry"],"acf":[],"_links":{"self":[{"href":"https:\/\/chiaroscuro-studios.com\/en\/wp-json\/wp\/v2\/pages\/5021","targetHints":{"allow":["GET"]}}],"collection":[{"href":"https:\/\/chiaroscuro-studios.com\/en\/wp-json\/wp\/v2\/pages"}],"about":[{"href":"https:\/\/chiaroscuro-studios.com\/en\/wp-json\/wp\/v2\/types\/page"}],"author":[{"embeddable":true,"href":"https:\/\/chiaroscuro-studios.com\/en\/wp-json\/wp\/v2\/users\/4"}],"replies":[{"embeddable":true,"href":"https:\/\/chiaroscuro-studios.com\/en\/wp-json\/wp\/v2\/comments?post=5021"}],"version-history":[{"count":10,"href":"https:\/\/chiaroscuro-studios.com\/en\/wp-json\/wp\/v2\/pages\/5021\/revisions"}],"predecessor-version":[{"id":5111,"href":"https:\/\/chiaroscuro-studios.com\/en\/wp-json\/wp\/v2\/pages\/5021\/revisions\/5111"}],"wp:attachment":[{"href":"https:\/\/chiaroscuro-studios.com\/en\/wp-json\/wp\/v2\/media?parent=5021"}],"curies":[{"name":"wp","href":"https:\/\/api.w.org\/{rel}","templated":true}]}}