{"id":2691,"date":"2023-10-04T18:58:07","date_gmt":"2023-10-04T18:58:07","guid":{"rendered":"https:\/\/chs.alyssonneto.com\/?page_id=2691"},"modified":"2023-10-09T17:31:41","modified_gmt":"2023-10-09T17:31:41","slug":"bandup","status":"publish","type":"page","link":"https:\/\/chiaroscuro-studios.com\/en\/bandup\/","title":{"rendered":"BandUP!"},"content":{"rendered":"<style>\/*! elementor - v3.16.0 - 20-09-2023 *\/\n.elementor-widget-image{text-align:center}.elementor-widget-image a{display:inline-block}.elementor-widget-image a img[src$=\".svg\"]{width:48px}.elementor-widget-image img{vertical-align:middle;display:inline-block}<\/style>\n<p>\t\t\t\t\t\t\t\t\t\t\t\t<img decoding=\"async\" width=\"442\" height=\"124\" src=\"https:\/\/chiaroscuro-studios.com\/wp-content\/uploads\/2023\/10\/cases-logo-bandup.png\" alt=\"\" loading=\"lazy\" srcset=\"https:\/\/chiaroscuro-studios.com\/wp-content\/uploads\/2023\/10\/cases-logo-bandup.png 442w, https:\/\/chiaroscuro-studios.com\/wp-content\/uploads\/2023\/10\/cases-logo-bandup-400x112.png 400w\" sizes=\"auto, (max-width: 442px) 100vw, 442px\" \/>\t\t\t\t\t\t\t\t\t\t\t\t\t\t\t<\/p>\n<style>\/*! elementor - v3.16.0 - 20-09-2023 *\/\n.elementor-heading-title{padding:0;margin:0;line-height:1}.elementor-widget-heading .elementor-heading-title[class*=elementor-size-]>a{color:inherit;font-size:inherit;line-height:inherit}.elementor-widget-heading .elementor-heading-title.elementor-size-small{font-size:15px}.elementor-widget-heading .elementor-heading-title.elementor-size-medium{font-size:19px}.elementor-widget-heading .elementor-heading-title.elementor-size-large{font-size:29px}.elementor-widget-heading .elementor-heading-title.elementor-size-xl{font-size:39px}.elementor-widget-heading .elementor-heading-title.elementor-size-xxl{font-size:59px}<\/style>\n<h5>Cria\u00e7\u00e3o de ilustra\u00e7\u00f5es exclusivas para produtos com venda exclusiva na CCXP17.<br \/>\nOs boxes tem\u00e1ticos inclu\u00edam camiseta, p\u00f4ster colorido e em preto e branco com a arte da estampa, patch e pin met\u00e1lico.<br \/>\nOs artistas \u2013 todos eles com atua\u00e7\u00e3o na DC Comics \u2013 participaram de sess\u00f5es de aut\u00f3grafos no estande da Loja DC \/ BandUP! na CCXP17.<br \/>\nAp\u00f3s o sucesso da a\u00e7\u00e3o na CCXP17. Um novo grupo de artistas foi selecionado para criar uma nova s\u00e9rie de estampas exclusivas.<br \/>\nArtista: Ivan Reis, Robson Rocha,  Ronan Cliquet, Thony Silas, Joe Prado,  Nat\u00e1lia Marques, Eddy Barrows, Felipe Watanabe, Marcio Takara.<br \/>\n<\/h5>\n<style>\/*! elementor - v3.16.0 - 20-09-2023 *\/\n.elementor-column .elementor-spacer-inner{height:var(--spacer-size)}.e-con{--container-widget-width:100%}.e-con-inner>.elementor-widget-spacer,.e-con>.elementor-widget-spacer{width:var(--container-widget-width,var(--spacer-size));--align-self:var(--container-widget-align-self,initial);--flex-shrink:0}.e-con-inner>.elementor-widget-spacer>.elementor-widget-container,.e-con>.elementor-widget-spacer>.elementor-widget-container{height:100%;width:100%}.e-con-inner>.elementor-widget-spacer>.elementor-widget-container>.elementor-spacer,.e-con>.elementor-widget-spacer>.elementor-widget-container>.elementor-spacer{height:100%}.e-con-inner>.elementor-widget-spacer>.elementor-widget-container>.elementor-spacer>.elementor-spacer-inner,.e-con>.elementor-widget-spacer>.elementor-widget-container>.elementor-spacer>.elementor-spacer-inner{height:var(--container-widget-height,var(--spacer-size))}.e-con-inner>.elementor-widget-spacer.elementor-widget-empty,.e-con>.elementor-widget-spacer.elementor-widget-empty{position:relative;min-height:22px;min-width:22px}.e-con-inner>.elementor-widget-spacer.elementor-widget-empty .elementor-widget-empty-icon,.e-con>.elementor-widget-spacer.elementor-widget-empty .elementor-widget-empty-icon{position:absolute;top:0;bottom:0;left:0;right:0;margin:auto;padding:0;width:22px;height:22px}<\/style>\n<style>.elementor-image-gallery .gallery-item{display:inline-block;text-align:center;vertical-align:top;width:100%;max-width:100%;margin:0 auto}.elementor-image-gallery .gallery-item img{margin:0 auto}.elementor-image-gallery .gallery-item .gallery-caption{margin:0}.elementor-image-gallery figure img{display:block}.elementor-image-gallery figure figcaption{width:100%}.gallery-spacing-custom .elementor-image-gallery .gallery-icon{padding:0}@media (min-width:768px){.elementor-image-gallery .gallery-columns-2 .gallery-item{max-width:50%}.elementor-image-gallery .gallery-columns-3 .gallery-item{max-width:33.33%}.elementor-image-gallery .gallery-columns-4 .gallery-item{max-width:25%}.elementor-image-gallery .gallery-columns-5 .gallery-item{max-width:20%}.elementor-image-gallery .gallery-columns-6 .gallery-item{max-width:16.666%}.elementor-image-gallery .gallery-columns-7 .gallery-item{max-width:14.28%}.elementor-image-gallery .gallery-columns-8 .gallery-item{max-width:12.5%}.elementor-image-gallery .gallery-columns-9 .gallery-item{max-width:11.11%}.elementor-image-gallery .gallery-columns-10 .gallery-item{max-width:10%}}@media (min-width:480px) and (max-width:767px){.elementor-image-gallery .gallery.gallery-columns-2 .gallery-item,.elementor-image-gallery .gallery.gallery-columns-3 .gallery-item,.elementor-image-gallery .gallery.gallery-columns-4 .gallery-item,.elementor-image-gallery .gallery.gallery-columns-5 .gallery-item,.elementor-image-gallery .gallery.gallery-columns-6 .gallery-item,.elementor-image-gallery .gallery.gallery-columns-7 .gallery-item,.elementor-image-gallery .gallery.gallery-columns-8 .gallery-item,.elementor-image-gallery .gallery.gallery-columns-9 .gallery-item,.elementor-image-gallery .gallery.gallery-columns-10 .gallery-item{max-width:50%}}@media (max-width:479px){.elementor-image-gallery .gallery.gallery-columns-2 .gallery-item,.elementor-image-gallery .gallery.gallery-columns-3 .gallery-item,.elementor-image-gallery .gallery.gallery-columns-4 .gallery-item,.elementor-image-gallery .gallery.gallery-columns-5 .gallery-item,.elementor-image-gallery .gallery.gallery-columns-6 .gallery-item,.elementor-image-gallery .gallery.gallery-columns-7 .gallery-item,.elementor-image-gallery .gallery.gallery-columns-8 .gallery-item,.elementor-image-gallery .gallery.gallery-columns-9 .gallery-item,.elementor-image-gallery .gallery.gallery-columns-10 .gallery-item{max-width:100%}}<\/style>\n<figure class='gallery-item'>\n\t\t\t\t<a data-elementor-open-lightbox=\"yes\" data-elementor-lightbox-slideshow=\"06a2ef6\" data-elementor-lightbox-title=\"bandup-aquaman\" data-e-action-hash=\"#elementor-action%3Aaction%3Dlightbox%26settings%3DeyJpZCI6Mjc1NiwidXJsIjoiaHR0cHM6XC9cL2Nocy5hbHlzc29ubmV0by5jb21cL3dwLWNvbnRlbnRcL3VwbG9hZHNcLzIwMjNcLzEwXC9iYW5kdXAtYXF1YW1hbi53ZWJwIiwic2xpZGVzaG93IjoiMDZhMmVmNiJ9\" href='https:\/\/chiaroscuro-studios.com\/wp-content\/uploads\/2023\/10\/bandup-aquaman.webp'><img width=\"1024\" height=\"596\" src=\"https:\/\/chiaroscuro-studios.com\/wp-content\/uploads\/2023\/10\/bandup-aquaman.webp\" alt=\"\" decoding=\"async\" loading=\"lazy\" srcset=\"https:\/\/chiaroscuro-studios.com\/wp-content\/uploads\/2023\/10\/bandup-aquaman.webp 1024w, https:\/\/chiaroscuro-studios.com\/wp-content\/uploads\/2023\/10\/bandup-aquaman-768x447.webp 768w, https:\/\/chiaroscuro-studios.com\/wp-content\/uploads\/2023\/10\/bandup-aquaman-640x373.webp 640w, https:\/\/chiaroscuro-studios.com\/wp-content\/uploads\/2023\/10\/bandup-aquaman-400x233.webp 400w, https:\/\/chiaroscuro-studios.com\/wp-content\/uploads\/2023\/10\/bandup-aquaman-600x349.webp 600w\" sizes=\"auto, (max-width: 1024px) 100vw, 1024px\" \/><\/a><br \/>\n\t\t\t<\/figure>\n<figure class='gallery-item'>\n\t\t\t\t<a data-elementor-open-lightbox=\"yes\" data-elementor-lightbox-slideshow=\"06a2ef6\" data-elementor-lightbox-title=\"bandup-gotham-villains\" data-e-action-hash=\"#elementor-action%3Aaction%3Dlightbox%26settings%3DeyJpZCI6Mjc1NywidXJsIjoiaHR0cHM6XC9cL2Nocy5hbHlzc29ubmV0by5jb21cL3dwLWNvbnRlbnRcL3VwbG9hZHNcLzIwMjNcLzEwXC9iYW5kdXAtZ290aGFtLXZpbGxhaW5zLndlYnAiLCJzbGlkZXNob3ciOiIwNmEyZWY2In0%3D\" href='https:\/\/chiaroscuro-studios.com\/wp-content\/uploads\/2023\/10\/bandup-gotham-villains.webp'><img width=\"1024\" height=\"596\" src=\"https:\/\/chiaroscuro-studios.com\/wp-content\/uploads\/2023\/10\/bandup-gotham-villains.webp\" alt=\"\" decoding=\"async\" loading=\"lazy\" srcset=\"https:\/\/chiaroscuro-studios.com\/wp-content\/uploads\/2023\/10\/bandup-gotham-villains.webp 1024w, https:\/\/chiaroscuro-studios.com\/wp-content\/uploads\/2023\/10\/bandup-gotham-villains-768x447.webp 768w, https:\/\/chiaroscuro-studios.com\/wp-content\/uploads\/2023\/10\/bandup-gotham-villains-640x373.webp 640w, https:\/\/chiaroscuro-studios.com\/wp-content\/uploads\/2023\/10\/bandup-gotham-villains-400x233.webp 400w, https:\/\/chiaroscuro-studios.com\/wp-content\/uploads\/2023\/10\/bandup-gotham-villains-600x349.webp 600w\" sizes=\"auto, (max-width: 1024px) 100vw, 1024px\" \/><\/a><br \/>\n\t\t\t<\/figure>\n<figure class='gallery-item'>\n\t\t\t\t<a data-elementor-open-lightbox=\"yes\" data-elementor-lightbox-slideshow=\"06a2ef6\" data-elementor-lightbox-title=\"bandup-harley-quinn\" data-e-action-hash=\"#elementor-action%3Aaction%3Dlightbox%26settings%3DeyJpZCI6Mjc1OCwidXJsIjoiaHR0cHM6XC9cL2Nocy5hbHlzc29ubmV0by5jb21cL3dwLWNvbnRlbnRcL3VwbG9hZHNcLzIwMjNcLzEwXC9iYW5kdXAtaGFybGV5LXF1aW5uLndlYnAiLCJzbGlkZXNob3ciOiIwNmEyZWY2In0%3D\" href='https:\/\/chiaroscuro-studios.com\/wp-content\/uploads\/2023\/10\/bandup-harley-quinn.webp'><img width=\"1024\" height=\"596\" src=\"https:\/\/chiaroscuro-studios.com\/wp-content\/uploads\/2023\/10\/bandup-harley-quinn.webp\" alt=\"\" decoding=\"async\" loading=\"lazy\" srcset=\"https:\/\/chiaroscuro-studios.com\/wp-content\/uploads\/2023\/10\/bandup-harley-quinn.webp 1024w, https:\/\/chiaroscuro-studios.com\/wp-content\/uploads\/2023\/10\/bandup-harley-quinn-768x447.webp 768w, https:\/\/chiaroscuro-studios.com\/wp-content\/uploads\/2023\/10\/bandup-harley-quinn-640x373.webp 640w, https:\/\/chiaroscuro-studios.com\/wp-content\/uploads\/2023\/10\/bandup-harley-quinn-400x233.webp 400w, https:\/\/chiaroscuro-studios.com\/wp-content\/uploads\/2023\/10\/bandup-harley-quinn-600x349.webp 600w\" sizes=\"auto, (max-width: 1024px) 100vw, 1024px\" \/><\/a><br \/>\n\t\t\t<\/figure>\n<figure class='gallery-item'>\n\t\t\t\t<a data-elementor-open-lightbox=\"yes\" data-elementor-lightbox-slideshow=\"06a2ef6\" data-elementor-lightbox-title=\"bandup-justice-league\" data-e-action-hash=\"#elementor-action%3Aaction%3Dlightbox%26settings%3DeyJpZCI6Mjc1OSwidXJsIjoiaHR0cHM6XC9cL2Nocy5hbHlzc29ubmV0by5jb21cL3dwLWNvbnRlbnRcL3VwbG9hZHNcLzIwMjNcLzEwXC9iYW5kdXAtanVzdGljZS1sZWFndWUud2VicCIsInNsaWRlc2hvdyI6IjA2YTJlZjYifQ%3D%3D\" href='https:\/\/chiaroscuro-studios.com\/wp-content\/uploads\/2023\/10\/bandup-justice-league.webp'><img width=\"1024\" height=\"596\" src=\"https:\/\/chiaroscuro-studios.com\/wp-content\/uploads\/2023\/10\/bandup-justice-league.webp\" alt=\"\" decoding=\"async\" loading=\"lazy\" srcset=\"https:\/\/chiaroscuro-studios.com\/wp-content\/uploads\/2023\/10\/bandup-justice-league.webp 1024w, https:\/\/chiaroscuro-studios.com\/wp-content\/uploads\/2023\/10\/bandup-justice-league-768x447.webp 768w, https:\/\/chiaroscuro-studios.com\/wp-content\/uploads\/2023\/10\/bandup-justice-league-640x373.webp 640w, https:\/\/chiaroscuro-studios.com\/wp-content\/uploads\/2023\/10\/bandup-justice-league-400x233.webp 400w, https:\/\/chiaroscuro-studios.com\/wp-content\/uploads\/2023\/10\/bandup-justice-league-600x349.webp 600w\" sizes=\"auto, (max-width: 1024px) 100vw, 1024px\" \/><\/a><br \/>\n\t\t\t<\/figure>\n<figure class='gallery-item'>\n\t\t\t\t<a data-elementor-open-lightbox=\"yes\" data-elementor-lightbox-slideshow=\"06a2ef6\" data-elementor-lightbox-title=\"bandup-the-flash\" data-e-action-hash=\"#elementor-action%3Aaction%3Dlightbox%26settings%3DeyJpZCI6Mjc2MCwidXJsIjoiaHR0cHM6XC9cL2Nocy5hbHlzc29ubmV0by5jb21cL3dwLWNvbnRlbnRcL3VwbG9hZHNcLzIwMjNcLzEwXC9iYW5kdXAtdGhlLWZsYXNoLndlYnAiLCJzbGlkZXNob3ciOiIwNmEyZWY2In0%3D\" href='https:\/\/chiaroscuro-studios.com\/wp-content\/uploads\/2023\/10\/bandup-the-flash.webp'><img width=\"1024\" height=\"596\" src=\"https:\/\/chiaroscuro-studios.com\/wp-content\/uploads\/2023\/10\/bandup-the-flash.webp\" alt=\"\" decoding=\"async\" loading=\"lazy\" srcset=\"https:\/\/chiaroscuro-studios.com\/wp-content\/uploads\/2023\/10\/bandup-the-flash.webp 1024w, https:\/\/chiaroscuro-studios.com\/wp-content\/uploads\/2023\/10\/bandup-the-flash-768x447.webp 768w, https:\/\/chiaroscuro-studios.com\/wp-content\/uploads\/2023\/10\/bandup-the-flash-640x373.webp 640w, https:\/\/chiaroscuro-studios.com\/wp-content\/uploads\/2023\/10\/bandup-the-flash-400x233.webp 400w, https:\/\/chiaroscuro-studios.com\/wp-content\/uploads\/2023\/10\/bandup-the-flash-600x349.webp 600w\" sizes=\"auto, (max-width: 1024px) 100vw, 1024px\" \/><\/a><br \/>\n\t\t\t<\/figure>\n<figure class='gallery-item'>\n\t\t\t\t<a data-elementor-open-lightbox=\"yes\" data-elementor-lightbox-slideshow=\"06a2ef6\" data-elementor-lightbox-title=\"bandup-wonder-woman\" data-e-action-hash=\"#elementor-action%3Aaction%3Dlightbox%26settings%3DeyJpZCI6Mjc2MSwidXJsIjoiaHR0cHM6XC9cL2Nocy5hbHlzc29ubmV0by5jb21cL3dwLWNvbnRlbnRcL3VwbG9hZHNcLzIwMjNcLzEwXC9iYW5kdXAtd29uZGVyLXdvbWFuLndlYnAiLCJzbGlkZXNob3ciOiIwNmEyZWY2In0%3D\" href='https:\/\/chiaroscuro-studios.com\/wp-content\/uploads\/2023\/10\/bandup-wonder-woman.webp'><img width=\"1024\" height=\"596\" src=\"https:\/\/chiaroscuro-studios.com\/wp-content\/uploads\/2023\/10\/bandup-wonder-woman.webp\" alt=\"\" decoding=\"async\" loading=\"lazy\" srcset=\"https:\/\/chiaroscuro-studios.com\/wp-content\/uploads\/2023\/10\/bandup-wonder-woman.webp 1024w, https:\/\/chiaroscuro-studios.com\/wp-content\/uploads\/2023\/10\/bandup-wonder-woman-768x447.webp 768w, https:\/\/chiaroscuro-studios.com\/wp-content\/uploads\/2023\/10\/bandup-wonder-woman-640x373.webp 640w, https:\/\/chiaroscuro-studios.com\/wp-content\/uploads\/2023\/10\/bandup-wonder-woman-400x233.webp 400w, https:\/\/chiaroscuro-studios.com\/wp-content\/uploads\/2023\/10\/bandup-wonder-woman-600x349.webp 600w\" sizes=\"auto, (max-width: 1024px) 100vw, 1024px\" \/><\/a><br \/>\n\t\t\t<\/figure>\n","protected":false},"excerpt":{"rendered":"<p>Cria\u00e7\u00e3o de ilustra\u00e7\u00f5es exclusivas para produtos com venda exclusiva na CCXP17. Os boxes tem\u00e1ticos inclu\u00edam camiseta, p\u00f4ster colorido e em preto e branco com a [&hellip;]<\/p>\n","protected":false},"author":4,"featured_media":0,"parent":0,"menu_order":0,"comment_status":"closed","ping_status":"closed","template":"","meta":{"_monsterinsights_skip_tracking":false,"_monsterinsights_sitenote_active":false,"_monsterinsights_sitenote_note":"","_monsterinsights_sitenote_category":0,"cybocfi_hide_featured_image":"","footnotes":""},"class_list":["post-2691","page","type-page","status-publish","hentry"],"acf":[],"_links":{"self":[{"href":"https:\/\/chiaroscuro-studios.com\/en\/wp-json\/wp\/v2\/pages\/2691","targetHints":{"allow":["GET"]}}],"collection":[{"href":"https:\/\/chiaroscuro-studios.com\/en\/wp-json\/wp\/v2\/pages"}],"about":[{"href":"https:\/\/chiaroscuro-studios.com\/en\/wp-json\/wp\/v2\/types\/page"}],"author":[{"embeddable":true,"href":"https:\/\/chiaroscuro-studios.com\/en\/wp-json\/wp\/v2\/users\/4"}],"replies":[{"embeddable":true,"href":"https:\/\/chiaroscuro-studios.com\/en\/wp-json\/wp\/v2\/comments?post=2691"}],"version-history":[{"count":10,"href":"https:\/\/chiaroscuro-studios.com\/en\/wp-json\/wp\/v2\/pages\/2691\/revisions"}],"predecessor-version":[{"id":2773,"href":"https:\/\/chiaroscuro-studios.com\/en\/wp-json\/wp\/v2\/pages\/2691\/revisions\/2773"}],"wp:attachment":[{"href":"https:\/\/chiaroscuro-studios.com\/en\/wp-json\/wp\/v2\/media?parent=2691"}],"curies":[{"name":"wp","href":"https:\/\/api.w.org\/{rel}","templated":true}]}}